{"id":35,"date":"2019-10-09T17:35:41","date_gmt":"2019-10-09T17:35:41","guid":{"rendered":"https:\/\/tuzijatekneked.hu\/product\/import-placeholder-for-470\/"},"modified":"2020-12-29T18:59:43","modified_gmt":"2020-12-29T18:59:43","slug":"katyusa-25s","status":"publish","type":"product","link":"https:\/\/tuzijatekneked.hu\/?product=katyusa-25s","title":{"rendered":"KATYUSA 25s"},"content":{"rendered":"        <style>\r\n            #player7367{\r\n                max-width: 100%;\r\n                margin: 0 auto;\r\n            }\r\n                    <\/style>\r\n        <div>\r\n            <div id=\"player7367\">\r\n                <div class=\"plyr__video-embed embed-container\" id=\"player\">\r\n                    <iframe\r\n                        src=\"https:\/\/www.youtube.com\/embed\/https:\/\/www.youtube.com\/watch?v=pN4Fx3gUYOg\"\r\n                        allowfullscreen\r\n                        allowtransparency\r\n                        allow=\"autoplay\"\r\n                    ><\/iframe>\r\n                <\/div>\r\n                <script type=\"text\/javascript\">\r\n                    const player7367 = new Plyr('#player7367 #player', {\r\n                        controls:[\"play-large\",\"play\",\"progress\",\"mute\",\"volume\",\"fullscreen\"],\r\n                        youtube: { noCookie: false, rel: 0, showinfo: 0, iv_load_policy: 3, modestbranding: 1, start: 0} \/\/pro \r\n                    });\r\n                <\/script>\r\n            <\/div>\r\n        <\/div>\r\n        \n","protected":false},"excerpt":{"rendered":"<p>F\u00fcty\u00fcl\u0151s 25 l\u00f6v\u00e9ses t\u0171zij\u00e1t\u00e9k telep.<\/p>\n<p>A\u00a0<b>katyusa<\/b> (oroszul: <bdi lang=\"ru\">\u041a\u0430\u0442\u044e\u0448\u0430<\/bdi>) a\u00a0m\u00e1sodik vil\u00e1gh\u00e1bor\u00fa\u00a0sor\u00e1n kifejlesztett \u00e9s nagy t\u00f6megben haszn\u00e1lt\u00a0szovjet\u00a0rak\u00e9ta-sorozatvet\u0151k\u00a0k\u00f6zismert elnevez\u00e9se. A k\u00f6znyelv \u2013 t\u00edpust\u00f3l \u00e9s gy\u00e1rt\u00f3t\u00f3l f\u00fcggetlen\u00fcl \u2013 a rak\u00e9ta-sorozatvet\u0151 fegyverekre napjainkban is elterjedten haszn\u00e1lja a\u00a0<i>katyusa<\/i>\u00a0elnevez\u00e9st. Elterjedt m\u00e9g a Szt\u00e1lin-orgona elnevez\u00e9s is.<\/p>\n<p>Eg\u00e9sz \u00e9vben megv\u00e1s\u00e1rolhat\u00f3 \u00e9s mag\u00e1nter\u00fcleten enged\u00e9ly n\u00e9lk\u00fcl felhaszn\u00e1lhat\u00f3.<\/p>\n","protected":false},"featured_media":1432,"template":"","meta":[],"product_cat":[67],"product_tag":[],"_links":{"self":[{"href":"https:\/\/tuzijatekneked.hu\/index.php?rest_route=\/wp\/v2\/product\/35"}],"collection":[{"href":"https:\/\/tuzijatekneked.hu\/index.php?rest_route=\/wp\/v2\/product"}],"about":[{"href":"https:\/\/tuzijatekneked.hu\/index.php?rest_route=\/wp\/v2\/types\/product"}],"version-history":[{"count":2,"href":"https:\/\/tuzijatekneked.hu\/index.php?rest_route=\/wp\/v2\/product\/35\/revisions"}],"predecessor-version":[{"id":7362,"href":"https:\/\/tuzijatekneked.hu\/index.php?rest_route=\/wp\/v2\/product\/35\/revisions\/7362"}],"wp:featuredmedia":[{"embeddable":true,"href":"https:\/\/tuzijatekneked.hu\/index.php?rest_route=\/wp\/v2\/media\/1432"}],"wp:attachment":[{"href":"https:\/\/tuzijatekneked.hu\/index.php?rest_route=%2Fwp%2Fv2%2Fmedia&parent=35"}],"wp:term":[{"taxonomy":"product_cat","embeddable":true,"href":"https:\/\/tuzijatekneked.hu\/index.php?rest_route=%2Fwp%2Fv2%2Fproduct_cat&post=35"},{"taxonomy":"product_tag","embeddable":true,"href":"https:\/\/tuzijatekneked.hu\/index.php?rest_route=%2Fwp%2Fv2%2Fproduct_tag&post=35"}],"curies":[{"name":"wp","href":"https:\/\/api.w.org\/{rel}","templated":true}]}}