{"id":2091,"date":"2019-12-23T14:16:56","date_gmt":"2019-12-23T14:16:56","guid":{"rendered":"https:\/\/tuzijatekneked.hu\/termek\/import-placeholder-for-112\/"},"modified":"2020-12-29T17:34:21","modified_gmt":"2020-12-29T17:34:21","slug":"aligator-19s","status":"publish","type":"product","link":"https:\/\/tuzijatekneked.hu\/?product=aligator-19s","title":{"rendered":"ALIGATOR 19s"},"content":{"rendered":"","protected":false},"excerpt":{"rendered":"<p>19 L\u00f6v\u00e9ses 20mm-es t\u00fczij\u00e1t\u00e9k telep.<\/p>\n<p>Mag\u00e1nter\u00fcleten eg\u00e9sz \u00e9vben felhaszn\u00e1lhat\u00f3<\/p>\n","protected":false},"featured_media":2136,"template":"","meta":[],"product_cat":[67],"product_tag":[],"_links":{"self":[{"href":"https:\/\/tuzijatekneked.hu\/index.php?rest_route=\/wp\/v2\/product\/2091"}],"collection":[{"href":"https:\/\/tuzijatekneked.hu\/index.php?rest_route=\/wp\/v2\/product"}],"about":[{"href":"https:\/\/tuzijatekneked.hu\/index.php?rest_route=\/wp\/v2\/types\/product"}],"version-history":[{"count":1,"href":"https:\/\/tuzijatekneked.hu\/index.php?rest_route=\/wp\/v2\/product\/2091\/revisions"}],"predecessor-version":[{"id":7385,"href":"https:\/\/tuzijatekneked.hu\/index.php?rest_route=\/wp\/v2\/product\/2091\/revisions\/7385"}],"wp:featuredmedia":[{"embeddable":true,"href":"https:\/\/tuzijatekneked.hu\/index.php?rest_route=\/wp\/v2\/media\/2136"}],"wp:attachment":[{"href":"https:\/\/tuzijatekneked.hu\/index.php?rest_route=%2Fwp%2Fv2%2Fmedia&parent=2091"}],"wp:term":[{"taxonomy":"product_cat","embeddable":true,"href":"https:\/\/tuzijatekneked.hu\/index.php?rest_route=%2Fwp%2Fv2%2Fproduct_cat&post=2091"},{"taxonomy":"product_tag","embeddable":true,"href":"https:\/\/tuzijatekneked.hu\/index.php?rest_route=%2Fwp%2Fv2%2Fproduct_tag&post=2091"}],"curies":[{"name":"wp","href":"https:\/\/api.w.org\/{rel}","templated":true}]}}