{"id":2072,"date":"2019-12-23T14:16:53","date_gmt":"2019-12-23T14:16:53","guid":{"rendered":"https:\/\/tuzijatekneked.hu\/termek\/import-placeholder-for-29\/"},"modified":"2020-12-31T10:14:31","modified_gmt":"2020-12-31T10:14:31","slug":"szamuraj-16s","status":"publish","type":"product","link":"https:\/\/tuzijatekneked.hu\/?product=szamuraj-16s","title":{"rendered":"SZAMUR\u00c1J 16s"},"content":{"rendered":"        <style>\r\n            #player7397{\r\n                max-width: 100%;\r\n                margin: 0 auto;\r\n            }\r\n                    <\/style>\r\n        <div>\r\n            <div id=\"player7397\">\r\n                <div class=\"plyr__video-embed embed-container\" id=\"player\">\r\n                    <iframe\r\n                        src=\"https:\/\/www.youtube.com\/embed\/https:\/\/www.youtube.com\/watch?v=8RDuOzBFHYs&feature=youtu.be\"\r\n                        allowfullscreen\r\n                        allowtransparency\r\n                        allow=\"autoplay\"\r\n                    ><\/iframe>\r\n                <\/div>\r\n                <script type=\"text\/javascript\">\r\n                    const player7397 = new Plyr('#player7397 #player', {\r\n                        controls:[\"play-large\",\"play\",\"progress\",\"mute\",\"volume\",\"fullscreen\"],\r\n                        youtube: { noCookie: false, rel: 0, showinfo: 0, iv_load_policy: 3, modestbranding: 1, start: 0} \/\/pro \r\n                    });\r\n                <\/script>\r\n            <\/div>\r\n        <\/div>\r\n        \n","protected":false},"excerpt":{"rendered":"<p>20MM<\/p>\n<p>16 L\u00f6v\u00e9s<\/p>\n<p>A\u00a0<b>szamur\u00e1j<\/b>\u00a0(<i>szaburai<\/i> \u4f8d, jelent\u00e9se \u201ek\u00f6zelben szolg\u00e1l\u00f3\u201d) jap\u00e1n harcos, eredetileg nemes. Jap\u00e1nul gyakran haszn\u00e1latos a busi (\u6b66\u58eb), \u00e9s a buke (\u6b66\u5bb6) elnevez\u00e9s is. A 12. sz\u00e1zad v\u00e9g\u00e9re a szamur\u00e1j elnevez\u00e9s a\u00a0<b>busi<\/b>\u00a0szinonim\u00e1j\u00e1v\u00e1 v\u00e1lt \u00e9s a k\u00f6z\u00e9ps\u0151, illetve a fels\u0151 harcos oszt\u00e1ly jelent\u00e9st p\u00e1ros\u00edtottak hozz\u00e1. A szamur\u00e1jokat gyakran k\u00f6t\u00f6tt\u00e9k \u00f6ssze (jelent\u00e9sileg) egy\u00a0jap\u00e1n kl\u00e1nnal\u00a0\u00e9s az \u0151\u00a0f\u00f6ldesuraikkal. Mindemellett katonai kik\u00e9pz\u00e9sben is r\u00e9szes\u00fcltek. Att\u00f3l f\u00fcggetlen\u00fcl, hogy szamur\u00e1jok mind\u00f6ssze Jap\u00e1n n\u00e9pess\u00e9g\u00e9nek 5-10%-\u00e1t adt\u00e1k,<sup id=\"cite_ref-2\" class=\"reference\">[2]<\/sup>\u00a0tan\u00edt\u00e1suk mind a mai napig megtal\u00e1lhat\u00f3 a k\u00f6z\u00e9letben \u00e9s a modern jap\u00e1n harcm\u0171v\u00e9szetben is.A szamur\u00e1jok k\u00f6z\u00e9 a jap\u00e1n t\u00f6rt\u00e9nelem sor\u00e1n gyakorlatilag lehetetlen volt k\u00fcls\u0151 t\u00e1rsadalmi csoportb\u00f3l beker\u00fclni.<\/p>\n","protected":false},"featured_media":2102,"template":"","meta":[],"product_cat":[67],"product_tag":[],"_links":{"self":[{"href":"https:\/\/tuzijatekneked.hu\/index.php?rest_route=\/wp\/v2\/product\/2072"}],"collection":[{"href":"https:\/\/tuzijatekneked.hu\/index.php?rest_route=\/wp\/v2\/product"}],"about":[{"href":"https:\/\/tuzijatekneked.hu\/index.php?rest_route=\/wp\/v2\/types\/product"}],"version-history":[{"count":1,"href":"https:\/\/tuzijatekneked.hu\/index.php?rest_route=\/wp\/v2\/product\/2072\/revisions"}],"predecessor-version":[{"id":7375,"href":"https:\/\/tuzijatekneked.hu\/index.php?rest_route=\/wp\/v2\/product\/2072\/revisions\/7375"}],"wp:featuredmedia":[{"embeddable":true,"href":"https:\/\/tuzijatekneked.hu\/index.php?rest_route=\/wp\/v2\/media\/2102"}],"wp:attachment":[{"href":"https:\/\/tuzijatekneked.hu\/index.php?rest_route=%2Fwp%2Fv2%2Fmedia&parent=2072"}],"wp:term":[{"taxonomy":"product_cat","embeddable":true,"href":"https:\/\/tuzijatekneked.hu\/index.php?rest_route=%2Fwp%2Fv2%2Fproduct_cat&post=2072"},{"taxonomy":"product_tag","embeddable":true,"href":"https:\/\/tuzijatekneked.hu\/index.php?rest_route=%2Fwp%2Fv2%2Fproduct_tag&post=2072"}],"curies":[{"name":"wp","href":"https:\/\/api.w.org\/{rel}","templated":true}]}}