{"id":265,"date":"2017-06-21T08:08:41","date_gmt":"2017-06-21T08:08:41","guid":{"rendered":"http:\/\/dummy.xtemos.com\/woodmart\/?page_id=265"},"modified":"2019-10-10T16:33:34","modified_gmt":"2019-10-10T16:33:34","slug":"compare","status":"publish","type":"page","link":"https:\/\/tuzijatekneked.hu\/?page_id=265","title":{"rendered":"\u00d6sszehasonl\u00edt\u00e1s"},"content":{"rendered":"\t\t\t\t\t<div class=\"wd-compare-table\">\n\t\t\t\t\t\t\t\t<p class=\"wd-empty-compare wd-empty-page\">\n\t\t\t\t\t\t\u00d6sszehasonl\u00edt\u00f3 lista \u00fcres\t\t\t\t\t<\/p>\n\t\t\t\t\t\t\t\t\t\t\t<div class=\"wd-empty-page-text\">Nincs term\u00e9k a list\u00e1ban . K\u00e9rj\u00fck adj legal\u00e1bb 2 term\u00e9ket az \u00f6sszehasonl\u00e1si list\u00e1hoz.\r\n<\/div>\n\t\t\t\t\t\t\t\t\t\t<p class=\"return-to-shop\">\n\t\t\t\t\t\t<a class=\"button\" href=\"https:\/\/tuzijatekneked.hu\/?page_id=25\">\n\t\t\t\t\t\t\tVisszat\u00e9r\u00e9s az \u00fczlet oldal\u00e1ra\t\t\t\t\t\t<\/a>\n\t\t\t\t\t<\/p>\n\t\t\t\t\t\t<\/div>\n\t\t\t\t\n","protected":false},"excerpt":{"rendered":"","protected":false},"author":1,"featured_media":0,"parent":0,"menu_order":0,"comment_status":"closed","ping_status":"closed","template":"","meta":[],"_links":{"self":[{"href":"https:\/\/tuzijatekneked.hu\/index.php?rest_route=\/wp\/v2\/pages\/265"}],"collection":[{"href":"https:\/\/tuzijatekneked.hu\/index.php?rest_route=\/wp\/v2\/pages"}],"about":[{"href":"https:\/\/tuzijatekneked.hu\/index.php?rest_route=\/wp\/v2\/types\/page"}],"author":[{"embeddable":true,"href":"https:\/\/tuzijatekneked.hu\/index.php?rest_route=\/wp\/v2\/users\/1"}],"replies":[{"embeddable":true,"href":"https:\/\/tuzijatekneked.hu\/index.php?rest_route=%2Fwp%2Fv2%2Fcomments&post=265"}],"version-history":[{"count":0,"href":"https:\/\/tuzijatekneked.hu\/index.php?rest_route=\/wp\/v2\/pages\/265\/revisions"}],"wp:attachment":[{"href":"https:\/\/tuzijatekneked.hu\/index.php?rest_route=%2Fwp%2Fv2%2Fmedia&parent=265"}],"curies":[{"name":"wp","href":"https:\/\/api.w.org\/{rel}","templated":true}]}}